{"id":517,"date":"2025-07-26T14:16:57","date_gmt":"2025-07-26T14:16:57","guid":{"rendered":"https:\/\/pekaboo-biz.com\/about\/"},"modified":"2025-12-13T16:25:58","modified_gmt":"2025-12-13T16:25:58","slug":"about","status":"publish","type":"page","link":"https:\/\/pekaboo-biz.com\/en\/about\/","title":{"rendered":"About (SR)"},"content":{"rendered":"<div data-elementor-type=\"wp-page\" data-elementor-id=\"517\" class=\"elementor elementor-517\" data-elementor-post-type=\"page\">\n\t\t\t\t\t\t<section class=\"elementor-section elementor-top-section elementor-element elementor-element-7d73584 elementor-section-height-min-height elementor-section-boxed elementor-section-height-default elementor-section-items-middle\" data-id=\"7d73584\" data-element_type=\"section\" data-settings=\"{&quot;background_background&quot;:&quot;classic&quot;}\">\n\t\t\t\t\t\t\t<div class=\"elementor-background-overlay\"><\/div>\n\t\t\t\t\t\t\t<div class=\"elementor-container elementor-column-gap-default\">\n\t\t\t\t\t<div class=\"elementor-column elementor-col-100 elementor-top-column elementor-element elementor-element-399d09f\" data-id=\"399d09f\" data-element_type=\"column\">\n\t\t\t<div class=\"elementor-widget-wrap elementor-element-populated\">\n\t\t\t\t\t\t<div class=\"elementor-element elementor-element-88f5819 outline elementor-widget elementor-widget-heading\" data-id=\"88f5819\" data-element_type=\"widget\" data-widget_type=\"heading.default\">\n\t\t\t\t\t<h2 class=\"elementor-heading-title elementor-size-default\">Moja pri\u010da<\/h2>\t\t\t\t<\/div>\n\t\t\t\t\t<\/div>\n\t\t<\/div>\n\t\t\t\t\t<\/div>\n\t\t<\/section>\n\t\t<div class=\"elementor-element elementor-element-acbe4e1 e-con-full e-transform e-flex elementor-invisible e-con e-parent\" data-id=\"acbe4e1\" data-element_type=\"container\" data-settings=\"{&quot;background_background&quot;:&quot;classic&quot;,&quot;animation&quot;:&quot;fadeInRight&quot;,&quot;animation_mobile&quot;:&quot;none&quot;,&quot;_transform_skewX_effect&quot;:{&quot;unit&quot;:&quot;px&quot;,&quot;size&quot;:&quot;&quot;,&quot;sizes&quot;:[]},&quot;_transform_skewX_effect_tablet&quot;:{&quot;unit&quot;:&quot;deg&quot;,&quot;size&quot;:&quot;&quot;,&quot;sizes&quot;:[]},&quot;_transform_skewX_effect_mobile&quot;:{&quot;unit&quot;:&quot;deg&quot;,&quot;size&quot;:&quot;&quot;,&quot;sizes&quot;:[]},&quot;_transform_skewY_effect&quot;:{&quot;unit&quot;:&quot;px&quot;,&quot;size&quot;:&quot;&quot;,&quot;sizes&quot;:[]},&quot;_transform_skewY_effect_tablet&quot;:{&quot;unit&quot;:&quot;deg&quot;,&quot;size&quot;:&quot;&quot;,&quot;sizes&quot;:[]},&quot;_transform_skewY_effect_mobile&quot;:{&quot;unit&quot;:&quot;deg&quot;,&quot;size&quot;:&quot;&quot;,&quot;sizes&quot;:[]}}\">\n\t\t<div class=\"elementor-element elementor-element-2e0c93c e-con-full e-flex e-con e-child\" data-id=\"2e0c93c\" data-element_type=\"container\" data-settings=\"{&quot;animation_mobile&quot;:&quot;none&quot;}\">\n\t\t<div class=\"elementor-element elementor-element-04e4b02 e-con-full e-flex e-con e-child\" data-id=\"04e4b02\" data-element_type=\"container\" data-settings=\"{&quot;background_background&quot;:&quot;classic&quot;}\">\n\t\t\t\t<div class=\"elementor-element elementor-element-5408f66 elementor-widget elementor-widget-image\" data-id=\"5408f66\" data-element_type=\"widget\" data-widget_type=\"image.default\">\n\t\t\t\t\t\t\t\t\t\t\t\t\t\t\t<img fetchpriority=\"high\" decoding=\"async\" width=\"800\" height=\"400\" src=\"https:\/\/pekaboo-biz.com\/wp-content\/uploads\/2025\/12\/Untitled-900-x-450-px-4.png\" class=\"attachment-large size-large wp-image-3600\" alt=\"untitled (900 x 450 px) (4)\" srcset=\"https:\/\/pekaboo-biz.com\/wp-content\/uploads\/2025\/12\/Untitled-900-x-450-px-4.png 900w, https:\/\/pekaboo-biz.com\/wp-content\/uploads\/2025\/12\/Untitled-900-x-450-px-4-600x300.png 600w, https:\/\/pekaboo-biz.com\/wp-content\/uploads\/2025\/12\/Untitled-900-x-450-px-4-300x150.png 300w, https:\/\/pekaboo-biz.com\/wp-content\/uploads\/2025\/12\/Untitled-900-x-450-px-4-768x384.png 768w, https:\/\/pekaboo-biz.com\/wp-content\/uploads\/2025\/12\/Untitled-900-x-450-px-4-18x9.png 18w\" sizes=\"(max-width: 800px) 100vw, 800px\" title=\"About (SR)\">\t\t\t\t\t\t\t\t\t\t\t\t\t\t\t<\/div>\n\t\t\t\t<\/div>\n\t\t<div class=\"elementor-element elementor-element-f630f1f e-con-full e-flex e-con e-child\" data-id=\"f630f1f\" data-element_type=\"container\">\n\t\t\t\t<div class=\"elementor-element elementor-element-94460fc elementor-widget elementor-widget-heading\" data-id=\"94460fc\" data-element_type=\"widget\" data-widget_type=\"heading.default\">\n\t\t\t\t\t<h2 class=\"elementor-heading-title elementor-size-default\">Pre nego \u0161to je nastao PekaBoo<\/h2>\t\t\t\t<\/div>\n\t\t\t\t<div class=\"elementor-element elementor-element-00c39e0 elementor-widget elementor-widget-text-editor\" data-id=\"00c39e0\" data-element_type=\"widget\" data-widget_type=\"text-editor.default\">\n\t\t\t\t\t\t\t\t\t<p data-start=\"1194\" data-end=\"1372\">Godinama sam verovala da \u0107u svoj \u017eivot izgraditi u advokatskoj kancelariji. Radila sam ono \u0161to se o\u010dekivalo, po pravilima, dok jednog dana nisam shvatila da \u017eivim tu\u0111i \u017eivot.&nbsp;<span style=\"font-size: 1rem;\">Ose\u0107aj pritiska, gubitka identiteta i tiha depresija postali su moja svakodnevica.<\/span><\/p>\t\t\t\t\t\t\t\t<\/div>\n\t\t\t\t<\/div>\n\t\t\t\t<\/div>\n\t\t\t\t<\/div>\n\t\t<div class=\"elementor-element elementor-element-d903ca5 e-con-full e-flex elementor-invisible e-con e-parent\" data-id=\"d903ca5\" data-element_type=\"container\" data-settings=\"{&quot;background_background&quot;:&quot;classic&quot;,&quot;animation&quot;:&quot;fadeInLeft&quot;,&quot;animation_mobile&quot;:&quot;none&quot;}\">\n\t\t<div class=\"elementor-element elementor-element-946059c e-con-full e-flex e-con e-child\" data-id=\"946059c\" data-element_type=\"container\">\n\t\t<div class=\"elementor-element elementor-element-354c501 e-con-full e-flex e-con e-child\" data-id=\"354c501\" data-element_type=\"container\">\n\t\t\t\t<div class=\"elementor-element elementor-element-49570f7 elementor-widget elementor-widget-image\" data-id=\"49570f7\" data-element_type=\"widget\" data-widget_type=\"image.default\">\n\t\t\t\t\t\t\t\t\t\t\t\t\t\t\t<img decoding=\"async\" width=\"800\" height=\"400\" src=\"https:\/\/pekaboo-biz.com\/wp-content\/uploads\/2025\/12\/Untitled-900-x-450-px.png\" class=\"attachment-large size-large wp-image-3593\" alt=\"untitled (900 x 450 px)\" srcset=\"https:\/\/pekaboo-biz.com\/wp-content\/uploads\/2025\/12\/Untitled-900-x-450-px.png 900w, https:\/\/pekaboo-biz.com\/wp-content\/uploads\/2025\/12\/Untitled-900-x-450-px-600x300.png 600w, https:\/\/pekaboo-biz.com\/wp-content\/uploads\/2025\/12\/Untitled-900-x-450-px-300x150.png 300w, https:\/\/pekaboo-biz.com\/wp-content\/uploads\/2025\/12\/Untitled-900-x-450-px-768x384.png 768w, https:\/\/pekaboo-biz.com\/wp-content\/uploads\/2025\/12\/Untitled-900-x-450-px-18x9.png 18w\" sizes=\"(max-width: 800px) 100vw, 800px\" title=\"About (SR)\">\t\t\t\t\t\t\t\t\t\t\t\t\t\t\t<\/div>\n\t\t\t\t<\/div>\n\t\t<div class=\"elementor-element elementor-element-02043f4 e-con-full e-flex e-con e-child\" data-id=\"02043f4\" data-element_type=\"container\">\n\t\t\t\t<div class=\"elementor-element elementor-element-9afba35 elementor-widget elementor-widget-heading\" data-id=\"9afba35\" data-element_type=\"widget\" data-widget_type=\"heading.default\">\n\t\t\t\t\t<h2 class=\"elementor-heading-title elementor-size-default\"><h2 class=\"elementor-heading-title elementor-size-default elementor-inline-editing pen\" data-elementor-setting-key=\"title\" data-pen-placeholder=\"Type Here...\">Korak unazad koji je postao moj po\u010detak<span style=\"font-size: 2rem\"><\/span><\/h2><\/h2>\t\t\t\t<\/div>\n\t\t\t\t<div class=\"elementor-element elementor-element-d0ca849 elementor-widget elementor-widget-text-editor\" data-id=\"d0ca849\" data-element_type=\"widget\" data-widget_type=\"text-editor.default\">\n\t\t\t\t\t\t\t\t\t<p style=\"background-color: #f2f4f7;\" data-start=\"1655\" data-end=\"1744\">Vratila sam se kod roditelja misle\u0107i da je to poraz. Danas znam \u2014 bio je to moj spas.\u00a0<span style=\"font-size: 1rem;\">Nekoliko meseci kasnije trebalo je da se rodi sestrina prva beba, Petra.\u00a0<\/span><span style=\"font-size: 1rem;\">U tom periodu, bez plana i bez znanja, uzela sam konac i iglu u ruke.<\/span><\/p>\t\t\t\t\t\t\t\t<\/div>\n\t\t\t\t<\/div>\n\t\t\t\t<\/div>\n\t\t\t\t<\/div>\n\t\t<div class=\"elementor-element elementor-element-8299c8c e-con-full e-flex elementor-invisible e-con e-parent\" data-id=\"8299c8c\" data-element_type=\"container\" data-settings=\"{&quot;background_background&quot;:&quot;classic&quot;,&quot;animation&quot;:&quot;fadeInRight&quot;,&quot;animation_mobile&quot;:&quot;none&quot;}\">\n\t\t<div class=\"elementor-element elementor-element-49009f1 e-con-full e-flex e-con e-child\" data-id=\"49009f1\" data-element_type=\"container\">\n\t\t<div class=\"elementor-element elementor-element-bb656b6 e-con-full e-flex e-con e-child\" data-id=\"bb656b6\" data-element_type=\"container\">\n\t\t\t\t<div class=\"elementor-element elementor-element-9de9b60 elementor-widget elementor-widget-image\" data-id=\"9de9b60\" data-element_type=\"widget\" data-widget_type=\"image.default\">\n\t\t\t\t\t\t\t\t\t\t\t\t\t\t\t<img decoding=\"async\" width=\"800\" height=\"400\" src=\"https:\/\/pekaboo-biz.com\/wp-content\/uploads\/2025\/12\/Untitled-900-x-450-px-2.png\" class=\"attachment-large size-large wp-image-3595\" alt=\"untitled (900 x 450 px) (2)\" srcset=\"https:\/\/pekaboo-biz.com\/wp-content\/uploads\/2025\/12\/Untitled-900-x-450-px-2.png 900w, https:\/\/pekaboo-biz.com\/wp-content\/uploads\/2025\/12\/Untitled-900-x-450-px-2-600x300.png 600w, https:\/\/pekaboo-biz.com\/wp-content\/uploads\/2025\/12\/Untitled-900-x-450-px-2-300x150.png 300w, https:\/\/pekaboo-biz.com\/wp-content\/uploads\/2025\/12\/Untitled-900-x-450-px-2-768x384.png 768w, https:\/\/pekaboo-biz.com\/wp-content\/uploads\/2025\/12\/Untitled-900-x-450-px-2-18x9.png 18w\" sizes=\"(max-width: 800px) 100vw, 800px\" title=\"About (SR)\">\t\t\t\t\t\t\t\t\t\t\t\t\t\t\t<\/div>\n\t\t\t\t<\/div>\n\t\t<div class=\"elementor-element elementor-element-3f3efd9 e-con-full e-flex e-con e-child\" data-id=\"3f3efd9\" data-element_type=\"container\">\n\t\t\t\t<div class=\"elementor-element elementor-element-00ecf90 elementor-widget elementor-widget-heading\" data-id=\"00ecf90\" data-element_type=\"widget\" data-widget_type=\"heading.default\">\n\t\t\t\t\t<h2 class=\"elementor-heading-title elementor-size-default\">Bod po bod - povratak sebi<\/h2>\t\t\t\t<\/div>\n\t\t\t\t<div class=\"elementor-element elementor-element-dcf647c elementor-widget elementor-widget-text-editor\" data-id=\"dcf647c\" data-element_type=\"widget\" data-widget_type=\"text-editor.default\">\n\t\t\t\t\t\t\t\t\t<p data-start=\"2082\" data-end=\"2242\">Bila sam potpuno samouka. Parala sam stare d\u017eempere jer nisam imala materijale. U\u010dila sam polako, tvrdoglavo, vo\u0111ena samo ose\u0107ajem da moram da nastavim. Ru\u010dni rad mi nije prvo doneo posao \u2014 doneo mi je mir u glavi, fokus i ose\u0107aj stvaranja. Tu sam se vratila sebi.<\/p>\t\t\t\t\t\t\t\t<\/div>\n\t\t\t\t<\/div>\n\t\t\t\t<\/div>\n\t\t\t\t<\/div>\n\t\t<div class=\"elementor-element elementor-element-c35f543 e-con-full e-flex elementor-invisible e-con e-parent\" data-id=\"c35f543\" data-element_type=\"container\" data-settings=\"{&quot;background_background&quot;:&quot;classic&quot;,&quot;animation&quot;:&quot;fadeInLeft&quot;,&quot;animation_mobile&quot;:&quot;none&quot;}\">\n\t\t<div class=\"elementor-element elementor-element-eb2001a e-con-full e-flex e-con e-child\" data-id=\"eb2001a\" data-element_type=\"container\">\n\t\t<div class=\"elementor-element elementor-element-a4a4596 e-con-full e-flex e-con e-child\" data-id=\"a4a4596\" data-element_type=\"container\">\n\t\t\t\t<div class=\"elementor-element elementor-element-282b8d0 elementor-widget elementor-widget-image\" data-id=\"282b8d0\" data-element_type=\"widget\" data-widget_type=\"image.default\">\n\t\t\t\t\t\t\t\t\t\t\t\t\t\t\t<img loading=\"lazy\" decoding=\"async\" width=\"800\" height=\"400\" src=\"https:\/\/pekaboo-biz.com\/wp-content\/uploads\/2025\/12\/Untitled-900-x-450-px-3.png\" class=\"attachment-large size-large wp-image-3596\" alt=\"untitled (900 x 450 px) (3)\" srcset=\"https:\/\/pekaboo-biz.com\/wp-content\/uploads\/2025\/12\/Untitled-900-x-450-px-3.png 900w, https:\/\/pekaboo-biz.com\/wp-content\/uploads\/2025\/12\/Untitled-900-x-450-px-3-600x300.png 600w, https:\/\/pekaboo-biz.com\/wp-content\/uploads\/2025\/12\/Untitled-900-x-450-px-3-300x150.png 300w, https:\/\/pekaboo-biz.com\/wp-content\/uploads\/2025\/12\/Untitled-900-x-450-px-3-768x384.png 768w, https:\/\/pekaboo-biz.com\/wp-content\/uploads\/2025\/12\/Untitled-900-x-450-px-3-18x9.png 18w\" sizes=\"(max-width: 800px) 100vw, 800px\" title=\"About (SR)\">\t\t\t\t\t\t\t\t\t\t\t\t\t\t\t<\/div>\n\t\t\t\t<\/div>\n\t\t<div class=\"elementor-element elementor-element-6089645 e-con-full e-flex e-con e-child\" data-id=\"6089645\" data-element_type=\"container\">\n\t\t\t\t<div class=\"elementor-element elementor-element-05a01f8 elementor-widget elementor-widget-heading\" data-id=\"05a01f8\" data-element_type=\"widget\" data-widget_type=\"heading.default\">\n\t\t\t\t\t<h2 class=\"elementor-heading-title elementor-size-default\">Od terapije do prepoznatljivog brenda<\/h2>\t\t\t\t<\/div>\n\t\t\t\t<div class=\"elementor-element elementor-element-c12d434 elementor-widget elementor-widget-text-editor\" data-id=\"c12d434\" data-element_type=\"widget\" data-widget_type=\"text-editor.default\">\n\t\t\t\t\t\t\t\t\t<p data-start=\"2521\" data-end=\"2650\">Na nagovor sestre otvorila sam Instagram profil \u2014 bez o\u010dekivanja. Ljudi su po\u010deli da prepoznaju moj stil, estetiku i iskrenost. Igra\u010dke su postale moj potpis, ali nisam \u017eelela da stanem tu.\u00a0PekaBoo je prerastao u brend:\u00a0od premium igra\u010daka do inovativnog de\u010dijeg name\u0161taja kakav nije postojao na tr\u017ei\u0161tu.<\/p>\t\t\t\t\t\t\t\t<\/div>\n\t\t\t\t<\/div>\n\t\t\t\t<\/div>\n\t\t\t\t<\/div>\n\t\t<div class=\"elementor-element elementor-element-c4151ce e-con-full e-flex e-con e-parent\" data-id=\"c4151ce\" data-element_type=\"container\" data-settings=\"{&quot;background_background&quot;:&quot;classic&quot;}\">\n\t\t<div class=\"elementor-element elementor-element-a14fbc2 e-con-full e-flex e-con e-child\" data-id=\"a14fbc2\" data-element_type=\"container\">\n\t\t\t\t<div class=\"elementor-element elementor-element-e7842e6 elementor-widget elementor-widget-heading\" data-id=\"e7842e6\" data-element_type=\"widget\" data-widget_type=\"heading.default\">\n\t\t\t\t\t<h6 class=\"elementor-heading-title elementor-size-default\">SLEDE\u0106I KORAK<\/h6>\t\t\t\t<\/div>\n\t\t\t\t<div class=\"elementor-element elementor-element-4283b20 elementor-widget elementor-widget-heading\" data-id=\"4283b20\" data-element_type=\"widget\" data-widget_type=\"heading.default\">\n\t\t\t\t\t<h1 class=\"elementor-heading-title elementor-size-default\">Spremna si da napravi\u0161 promenu?<\/h1>\t\t\t\t<\/div>\n\t\t\t\t<div class=\"elementor-element elementor-element-7fb113b elementor-widget elementor-widget-heading\" data-id=\"7fb113b\" data-element_type=\"widget\" data-widget_type=\"heading.default\">\n\t\t\t\t\t<h5 class=\"elementor-heading-title elementor-size-default\">Ako se prepoznaje\u0161 u mojoj pri\u010di, ako ose\u0107a\u0161 da je vreme za ne\u0161to novo \u2014 ovo je poziv da krene\u0161. Uz podr\u0161ku, sistem i zajednicu.<\/h5>\t\t\t\t<\/div>\n\t\t\t\t<div class=\"elementor-element elementor-element-d9468dc elementor-align-center elementor-widget elementor-widget-button\" data-id=\"d9468dc\" data-element_type=\"widget\" data-widget_type=\"button.default\">\n\t\t\t\t\t\t\t\t\t\t<a class=\"elementor-button elementor-button-link elementor-size-sm\" href=\"https:\/\/pekaboo-biz.com\/en\/courses\/\">\n\t\t\t\t\t\t<span class=\"elementor-button-content-wrapper\">\n\t\t\t\t\t\t\t\t\t<span class=\"elementor-button-text\">Start Today<\/span>\n\t\t\t\t\t<\/span>\n\t\t\t\t\t<\/a>\n\t\t\t\t\t\t\t\t<\/div>\n\t\t\t\t<\/div>\n\t\t\t\t<\/div>\n\t\t\t\t<\/div>","protected":false},"excerpt":{"rendered":"<p>Moja pri\u010da Pre nego \u0161to je nastao PekaBoo Godinama sam verovala da \u0107u svoj \u017eivot izgraditi u advokatskoj kancelariji. Radila sam ono \u0161to se o\u010dekivalo, po pravilima, dok jednog dana nisam shvatila da \u017eivim tu\u0111i \u017eivot.&nbsp;Ose\u0107aj pritiska, gubitka identiteta i tiha depresija postali su moja svakodnevica. Korak unazad koji je postao moj po\u010detak Vratila sam [&hellip;]<\/p>","protected":false},"author":1,"featured_media":0,"parent":0,"menu_order":0,"comment_status":"closed","ping_status":"closed","template":"","meta":{"footnotes":""},"class_list":["post-517","page","type-page","status-publish","hentry"],"jetpack_sharing_enabled":true,"_links":{"self":[{"href":"https:\/\/pekaboo-biz.com\/en\/wp-json\/wp\/v2\/pages\/517","targetHints":{"allow":["GET"]}}],"collection":[{"href":"https:\/\/pekaboo-biz.com\/en\/wp-json\/wp\/v2\/pages"}],"about":[{"href":"https:\/\/pekaboo-biz.com\/en\/wp-json\/wp\/v2\/types\/page"}],"author":[{"embeddable":true,"href":"https:\/\/pekaboo-biz.com\/en\/wp-json\/wp\/v2\/users\/1"}],"replies":[{"embeddable":true,"href":"https:\/\/pekaboo-biz.com\/en\/wp-json\/wp\/v2\/comments?post=517"}],"version-history":[{"count":194,"href":"https:\/\/pekaboo-biz.com\/en\/wp-json\/wp\/v2\/pages\/517\/revisions"}],"predecessor-version":[{"id":3641,"href":"https:\/\/pekaboo-biz.com\/en\/wp-json\/wp\/v2\/pages\/517\/revisions\/3641"}],"wp:attachment":[{"href":"https:\/\/pekaboo-biz.com\/en\/wp-json\/wp\/v2\/media?parent=517"}],"curies":[{"name":"wp","href":"https:\/\/api.w.org\/{rel}","templated":true}]}}